{"id":2,"date":"2025-09-25T19:31:36","date_gmt":"2025-09-25T19:31:36","guid":{"rendered":"http:\/\/ireneremy24102026.eu\/?page_id=2"},"modified":"2025-10-18T17:06:17","modified_gmt":"2025-10-18T17:06:17","slug":"sample-page","status":"publish","type":"page","link":"https:\/\/ireneremy24102026.eu\/","title":{"rendered":"Les Lanfranchi-Moura officialisent (enfin) leur union !"},"content":{"rendered":"\n<p class=\"has-text-align-center\" style=\"font-size:35px\">\ud83c\uddee\ud83c\uddf9 <strong><a href=\"https:\/\/ireneremy24102026.eu\/?page_id=59\" data-type=\"link\" data-id=\"https:\/\/ireneremy24102026.eu\/?page_id=59\">Italiano <\/a><\/strong>\ud83c\uddee\ud83c\uddf9<\/p>\n\n\n\n<p>Apr\u00e8s quelques mois de bonheur conjugal (officiel !), nous sommes ravis de r\u00e9unir enfin tous ceux que nous aimons pour c\u00e9l\u00e9brer l&#8217;Amour qui nous unit, et la famille que nous avons b\u00e2tie. Irene, R\u00e9my, Ludovico, Gaia et Aureliano vous invitent \u00e0 f\u00eater cet \u00e9v\u00e8nement ensemble.<\/p>\n\n\n\n<figure class=\"wp-block-image size-full\"><img loading=\"lazy\" decoding=\"async\" width=\"2560\" height=\"1251\" src=\"http:\/\/ireneremy24102026.eu\/wp-content\/uploads\/2025\/10\/IMG_2099_cropped-scaled.jpg\" alt=\"\" class=\"wp-image-31\" srcset=\"https:\/\/ireneremy24102026.eu\/wp-content\/uploads\/2025\/10\/IMG_2099_cropped-scaled.jpg 2560w, https:\/\/ireneremy24102026.eu\/wp-content\/uploads\/2025\/10\/IMG_2099_cropped-300x147.jpg 300w, https:\/\/ireneremy24102026.eu\/wp-content\/uploads\/2025\/10\/IMG_2099_cropped-1024x500.jpg 1024w, https:\/\/ireneremy24102026.eu\/wp-content\/uploads\/2025\/10\/IMG_2099_cropped-768x375.jpg 768w, https:\/\/ireneremy24102026.eu\/wp-content\/uploads\/2025\/10\/IMG_2099_cropped-1536x750.jpg 1536w, https:\/\/ireneremy24102026.eu\/wp-content\/uploads\/2025\/10\/IMG_2099_cropped-2048x1001.jpg 2048w, https:\/\/ireneremy24102026.eu\/wp-content\/uploads\/2025\/10\/IMG_2099_cropped-606x296.jpg 606w\" sizes=\"auto, (max-width: 2560px) 100vw, 2560px\" \/><\/figure>\n\n\n\n<p>Rendez-vous le 24 octobre 2026. Pour nous permettre de nous organiser au mieux, merci de confirmer votre participation avant le 31 ao\u00fbt 2026 en cliquant sur le bouton ci-dessous:<\/p>\n\n\n\n<div class=\"wp-block-buttons is-content-justification-center is-layout-flex wp-container-core-buttons-is-layout-16018d1d wp-block-buttons-is-layout-flex\">\n<div class=\"wp-block-button\"><a class=\"wp-block-button__link wp-element-button\" href=\"https:\/\/docs.google.com\/forms\/d\/e\/1FAIpQLSfDJbC6zhgBtl-ekZNQfsgk7ay27fsS8a7mhNTWdqITXJ9nKA\/viewform?usp=header\">Confirmation de votre participation<\/a><\/div>\n<\/div>\n\n\n\n<h2 class=\"wp-block-heading\">Lieu de la c\u00e9l\u00e9bration<\/h2>\n\n\n<div class=\"wp-block-image\">\n<figure class=\"aligncenter size-full is-resized\"><img loading=\"lazy\" decoding=\"async\" width=\"900\" height=\"242\" src=\"https:\/\/ireneremy24102026.eu\/wp-content\/uploads\/2025\/10\/05438f31aed98049e5a62e6cf7-2.jpg\" alt=\"\" class=\"wp-image-75\" style=\"width:1070px;height:auto\" srcset=\"https:\/\/ireneremy24102026.eu\/wp-content\/uploads\/2025\/10\/05438f31aed98049e5a62e6cf7-2.jpg 900w, https:\/\/ireneremy24102026.eu\/wp-content\/uploads\/2025\/10\/05438f31aed98049e5a62e6cf7-2-300x81.jpg 300w, https:\/\/ireneremy24102026.eu\/wp-content\/uploads\/2025\/10\/05438f31aed98049e5a62e6cf7-2-768x207.jpg 768w, https:\/\/ireneremy24102026.eu\/wp-content\/uploads\/2025\/10\/05438f31aed98049e5a62e6cf7-2-606x163.jpg 606w\" sizes=\"auto, (max-width: 900px) 100vw, 900px\" \/><\/figure>\n<\/div>\n\n\n<p>La f\u00eate de mariage aura lieu \u00e0 l&#8217;Agriturismo Lago d&#8217;Oro \u00e0 Cuveglio (Italie). Il se situe \u00e0 Via per Cavona, 14, 21030 Cuveglio VA, Italie (<a href=\"https:\/\/maps.app.goo.gl\/dYwk3esjUoxLYiYE7\" data-type=\"link\" data-id=\"https:\/\/maps.app.goo.gl\/dYwk3esjUoxLYiYE7\">lien Google Maps<\/a>).<\/p>\n\n\n\n<h2 class=\"wp-block-heading\">Programme<\/h2>\n\n\n<div class=\"wp-block-image\">\n<figure class=\"aligncenter size-large is-resized\"><img loading=\"lazy\" decoding=\"async\" width=\"1024\" height=\"161\" src=\"https:\/\/ireneremy24102026.eu\/wp-content\/uploads\/2025\/10\/Screenshot-2025-10-04-182258-1024x161.png\" alt=\"\" class=\"wp-image-88\" style=\"width:1070px;height:auto\" srcset=\"https:\/\/ireneremy24102026.eu\/wp-content\/uploads\/2025\/10\/Screenshot-2025-10-04-182258-1024x161.png 1024w, https:\/\/ireneremy24102026.eu\/wp-content\/uploads\/2025\/10\/Screenshot-2025-10-04-182258-300x47.png 300w, https:\/\/ireneremy24102026.eu\/wp-content\/uploads\/2025\/10\/Screenshot-2025-10-04-182258-768x121.png 768w, https:\/\/ireneremy24102026.eu\/wp-content\/uploads\/2025\/10\/Screenshot-2025-10-04-182258-1536x242.png 1536w, https:\/\/ireneremy24102026.eu\/wp-content\/uploads\/2025\/10\/Screenshot-2025-10-04-182258-606x95.png 606w, https:\/\/ireneremy24102026.eu\/wp-content\/uploads\/2025\/10\/Screenshot-2025-10-04-182258.png 1919w\" sizes=\"auto, (max-width: 1024px) 100vw, 1024px\" \/><\/figure>\n<\/div>\n\n\n<p>Le samedi 24 octobre 2026 \u00e0 16h00.<\/p>\n\n\n\n<p>Plus de d\u00e9tails \u00e0 suivre&#8230;<\/p>\n\n\n\n<h2 class=\"wp-block-heading\">H\u00e9bergement<\/h2>\n\n\n<div class=\"wp-block-image\">\n<figure class=\"aligncenter size-full is-resized\"><img loading=\"lazy\" decoding=\"async\" width=\"800\" height=\"146\" src=\"http:\/\/ireneremy24102026.eu\/wp-content\/uploads\/2025\/10\/paesaggio-autunnale-luminoso-con-le-vecchie-case-81341709-3.jpg\" alt=\"\" class=\"wp-image-86\" style=\"width:1070px;height:auto\" srcset=\"https:\/\/ireneremy24102026.eu\/wp-content\/uploads\/2025\/10\/paesaggio-autunnale-luminoso-con-le-vecchie-case-81341709-3.jpg 800w, https:\/\/ireneremy24102026.eu\/wp-content\/uploads\/2025\/10\/paesaggio-autunnale-luminoso-con-le-vecchie-case-81341709-3-300x55.jpg 300w, https:\/\/ireneremy24102026.eu\/wp-content\/uploads\/2025\/10\/paesaggio-autunnale-luminoso-con-le-vecchie-case-81341709-3-768x140.jpg 768w, https:\/\/ireneremy24102026.eu\/wp-content\/uploads\/2025\/10\/paesaggio-autunnale-luminoso-con-le-vecchie-case-81341709-3-606x111.jpg 606w\" sizes=\"auto, (max-width: 800px) 100vw, 800px\" \/><\/figure>\n<\/div>\n\n\n<p>Si vous venez de loin et souhaitez rester \u00e0 proximit\u00e9, voici quelques suggestions d&#8217;h\u00f4tels et chambres d&#8217;h\u00f4tes pr\u00e8s du lieu de r\u00e9ception.<\/p>\n\n\n\n<ul class=\"wp-block-list\">\n<li>\u00c0 proximit\u00e9 imm\u00e9diate ou presque:\n<ul class=\"wp-block-list\">\n<li><a href=\"http:\/\/hotelcoronacuvio.com\/index.html\" target=\"_blank\" rel=\"noreferrer noopener\">hotelcoronacuvio.com<\/a><\/li>\n\n\n\n<li><a href=\"https:\/\/agriturismocampodeifiori.it\/alloggi-a-cuveglio\/\">https:\/\/agriturismocampodeifiori.it\/alloggi-a-cuveglio\/<\/a><\/li>\n\n\n\n<li><a href=\"https:\/\/borgosanda.com\/ (adults only)\">https:\/\/borgosanda.com\/ (adults only)<\/a><\/li>\n\n\n\n<li><a href=\"https:\/\/ilbalconesullavalle.it\/\">https:\/\/ilbalconesullavalle.it\/<\/a><\/li>\n\n\n\n<li><a href=\"https:\/\/www.labussolaristorante.it\/\">https:\/\/www.labussolaristorante.it\/<\/a><\/li>\n\n\n\n<li><a href=\"https:\/\/www.booking.com\/hotel\/it\/villa-le-arcate-nella-natura-in-zona-panoramica.fr.html\">https:\/\/www.booking.com\/hotel\/it\/villa-le-arcate-nella-natura-in-zona-panoramica.fr.html<\/a><br>\u200e\u200e\u200e\u200e\u200e\u200e\u200e\u200e \u200e<\/li>\n<\/ul>\n<\/li>\n\n\n\n<li>Un peu plus loin :\n<ul class=\"wp-block-list\">\n<li><a href=\"https:\/\/www.lafolaga-gavirate.it\/\">https:\/\/www.lafolaga-gavirate.it\/<\/a><\/li>\n\n\n\n<li><a href=\"https:\/\/www.ilsassobianco.it\/\">https:\/\/www.ilsassobianco.it\/<\/a><\/li>\n\n\n\n<li><a href=\"https:\/\/www.airbnb.com\/s\/Cuveglio--Lombardy--Italy\/homes?refinement_paths%5B%5D=%2Fhomes&amp;date_picker_type=calendar&amp;checkin=2026-10-23&amp;checkout=2026-10-25&amp;source=structured_search_input_header&amp;search_type=autocomplete_click&amp;flexible_trip_lengths%5B%5D=one_week&amp;monthly_start_date=2025-11-01&amp;monthly_length=3&amp;monthly_end_date=2026-02-01&amp;price_filter_input_type=2&amp;price_filter_num_nights=2&amp;channel=EXPLORE&amp;place_id=ChIJQcN1H2LWhUcRoNxmLgJ4BgQ&amp;location_bb=Qje1BUEMdgtCN5V4QQt4%2BQ%3D%3D&amp;acp_id=642b647b-a377-4695-90d3-180cf3ed5819\" data-type=\"link\" data-id=\"https:\/\/www.airbnb.com\/s\/Cuveglio--Lombardy--Italy\/homes?refinement_paths%5B%5D=%2Fhomes&amp;date_picker_type=calendar&amp;checkin=2026-10-23&amp;checkout=2026-10-25&amp;source=structured_search_input_header&amp;search_type=autocomplete_click&amp;flexible_trip_lengths%5B%5D=one_week&amp;monthly_start_date=2025-11-01&amp;monthly_length=3&amp;monthly_end_date=2026-02-01&amp;price_filter_input_type=2&amp;price_filter_num_nights=2&amp;channel=EXPLORE&amp;place_id=ChIJQcN1H2LWhUcRoNxmLgJ4BgQ&amp;location_bb=Qje1BUEMdgtCN5V4QQt4%2BQ%3D%3D&amp;acp_id=642b647b-a377-4695-90d3-180cf3ed5819\">Recherche Airbnb<\/a><\/li>\n\n\n\n<li><a href=\"https:\/\/www.booking.com\/hotel\/it\/green-hill-property.fr.html\">https:\/\/www.booking.com\/hotel\/it\/green-hill-property.fr.html<\/a> (Villa pour 12 personnes)<\/li>\n<\/ul>\n<\/li>\n<\/ul>\n\n\n\n<h2 class=\"wp-block-heading\">Activit\u00e9s pour les enfants<\/h2>\n\n\n<div class=\"wp-block-image\">\n<figure class=\"aligncenter size-full is-resized\"><img loading=\"lazy\" decoding=\"async\" width=\"1920\" height=\"384\" src=\"https:\/\/ireneremy24102026.eu\/wp-content\/uploads\/2025\/10\/Exploring-Nature-The-Benefits-of-Outdoor-Play-for-Kids-Community-Choice-Pediatrics-2.jpg\" alt=\"\" class=\"wp-image-93\" style=\"width:1070px;height:auto\" srcset=\"https:\/\/ireneremy24102026.eu\/wp-content\/uploads\/2025\/10\/Exploring-Nature-The-Benefits-of-Outdoor-Play-for-Kids-Community-Choice-Pediatrics-2.jpg 1920w, https:\/\/ireneremy24102026.eu\/wp-content\/uploads\/2025\/10\/Exploring-Nature-The-Benefits-of-Outdoor-Play-for-Kids-Community-Choice-Pediatrics-2-300x60.jpg 300w, https:\/\/ireneremy24102026.eu\/wp-content\/uploads\/2025\/10\/Exploring-Nature-The-Benefits-of-Outdoor-Play-for-Kids-Community-Choice-Pediatrics-2-1024x205.jpg 1024w, https:\/\/ireneremy24102026.eu\/wp-content\/uploads\/2025\/10\/Exploring-Nature-The-Benefits-of-Outdoor-Play-for-Kids-Community-Choice-Pediatrics-2-768x154.jpg 768w, https:\/\/ireneremy24102026.eu\/wp-content\/uploads\/2025\/10\/Exploring-Nature-The-Benefits-of-Outdoor-Play-for-Kids-Community-Choice-Pediatrics-2-1536x307.jpg 1536w, https:\/\/ireneremy24102026.eu\/wp-content\/uploads\/2025\/10\/Exploring-Nature-The-Benefits-of-Outdoor-Play-for-Kids-Community-Choice-Pediatrics-2-606x121.jpg 606w\" sizes=\"auto, (max-width: 1920px) 100vw, 1920px\" \/><\/figure>\n<\/div>\n\n\n<p>Nous avons pr\u00e9vu des activit\u00e9s et des espaces d\u00e9di\u00e9s aux enfants ! Vos petits sont les bienvenus et pourront s&#8217;amuser avec Ludovico, Gaia et Aureliano en pr\u00e9sence d&#8217;une pu\u00e9rilcultrice sp\u00e9cialis\u00e9 en animation pour enfants et qui sera pr\u00e9sente jusqu&#8217;\u00e0 22h00.<\/p>\n\n\n\n<h2 class=\"wp-block-heading\">Questions ?<\/h2>\n\n\n\n<p>Si vous avez la moindre question concernant la f\u00eate et son organisation, n&#8217;h\u00e9sitez pas \u00e0 nous contacter via:<br>&#8211; T\u00e9l\u00e9phone de R\u00e9my : 0032 483 43 05 86.<br>&#8211; T\u00e9l\u00e9phone d&#8217;Irene : 0032 484 95 91 54.<br>&#8211; Email: <a href=\"mailto:lanfranchi.moura@gmail.com\">lanfranchi.moura@gmail.com<\/a>.<\/p>\n\n\n\n<h2 class=\"wp-block-heading\">Cadeaux&nbsp;<\/h2>\n\n\n\n<p>Votre pr\u00e9sence est le plus beau des cadeaux. Apr\u00e8s 15 ans de vie commune, nous avons tout ce dont nous avons besoin dans notre foyer ! Si toutefois vous insistez pour nous g\u00e2ter,&nbsp;vous pouvez contribuer \u00e0 notre voyage de noce en faisant une donation au compte BE96 3770 6722 7505.<\/p>\n\n\n\n<h2 class=\"wp-block-heading\">Souvenirs<\/h2>\n\n\n\n<p><em>(Cette section sera mise \u00e0 jour apr\u00e8s la f\u00eate.)<\/em><\/p>\n","protected":false},"excerpt":{"rendered":"<p>\ud83c\uddee\ud83c\uddf9 Italiano \ud83c\uddee\ud83c\uddf9 Apr\u00e8s quelques mois de bonheur conjugal (officiel !), nous sommes ravis de r\u00e9unir enfin tous ceux que &hellip; <a href=\"https:\/\/ireneremy24102026.eu\/\" class=\"more-link\"><span class=\"more-button\">Continue Reading<span class=\"screen-reader-text\">Les Lanfranchi-Moura officialisent (enfin) leur union !<\/span><\/span><\/a><\/p>\n","protected":false},"author":1,"featured_media":0,"parent":0,"menu_order":0,"comment_status":"closed","ping_status":"open","template":"","meta":{"footnotes":""},"class_list":["post-2","page","type-page","status-publish","hentry"],"_links":{"self":[{"href":"https:\/\/ireneremy24102026.eu\/index.php?rest_route=\/wp\/v2\/pages\/2","targetHints":{"allow":["GET"]}}],"collection":[{"href":"https:\/\/ireneremy24102026.eu\/index.php?rest_route=\/wp\/v2\/pages"}],"about":[{"href":"https:\/\/ireneremy24102026.eu\/index.php?rest_route=\/wp\/v2\/types\/page"}],"author":[{"embeddable":true,"href":"https:\/\/ireneremy24102026.eu\/index.php?rest_route=\/wp\/v2\/users\/1"}],"replies":[{"embeddable":true,"href":"https:\/\/ireneremy24102026.eu\/index.php?rest_route=%2Fwp%2Fv2%2Fcomments&post=2"}],"version-history":[{"count":23,"href":"https:\/\/ireneremy24102026.eu\/index.php?rest_route=\/wp\/v2\/pages\/2\/revisions"}],"predecessor-version":[{"id":126,"href":"https:\/\/ireneremy24102026.eu\/index.php?rest_route=\/wp\/v2\/pages\/2\/revisions\/126"}],"wp:attachment":[{"href":"https:\/\/ireneremy24102026.eu\/index.php?rest_route=%2Fwp%2Fv2%2Fmedia&parent=2"}],"curies":[{"name":"wp","href":"https:\/\/api.w.org\/{rel}","templated":true}]}}